{"id":769,"date":"2024-05-06T11:15:32","date_gmt":"2024-05-06T11:15:32","guid":{"rendered":"https:\/\/wo.camimpeg.com.ve\/wp\/?page_id=769"},"modified":"2025-07-07T21:37:10","modified_gmt":"2025-07-08T01:37:10","slug":"noticias","status":"publish","type":"page","link":"https:\/\/wo.camimpeg.com.ve\/wp\/noticias\/","title":{"rendered":"Noticias"},"content":{"rendered":"\t\t<div data-elementor-type=\"wp-page\" data-elementor-id=\"769\" class=\"elementor elementor-769\" data-elementor-post-type=\"page\">\n\t\t\t\t<div class=\"elementor-element elementor-element-4b7b72f e-flex e-con-boxed e-con e-parent\" data-id=\"4b7b72f\" data-element_type=\"container\" data-e-type=\"container\">\n\t\t\t\t\t<div class=\"e-con-inner\">\n\t\t\t\t<div class=\"elementor-element elementor-element-acc771c elementor-widget elementor-widget-shortcode\" data-id=\"acc771c\" data-element_type=\"widget\" data-e-type=\"widget\" data-widget_type=\"shortcode.default\">\n\t\t\t\t<div class=\"elementor-widget-container\">\n\t\t\t\t\t\t\t<div class=\"elementor-shortcode\">  <\/div>\n\t\t\t\t\t\t<\/div>\n\t\t\t\t<\/div>\n\t\t\t\t\t<\/div>\n\t\t\t\t<\/div>\n\t\t<div class=\"elementor-element elementor-element-16ceb93 e-flex e-con-boxed e-con e-parent\" data-id=\"16ceb93\" data-element_type=\"container\" data-e-type=\"container\">\n\t\t\t\t\t<div class=\"e-con-inner\">\n\t\t\t\t<div class=\"elementor-element elementor-element-7ce5777 elementor-widget elementor-widget-spacer\" data-id=\"7ce5777\" data-element_type=\"widget\" data-e-type=\"widget\" data-widget_type=\"spacer.default\">\n\t\t\t\t<div class=\"elementor-widget-container\">\n\t\t\t\t\t\t\t<div class=\"elementor-spacer\">\n\t\t\t<div class=\"elementor-spacer-inner\"><\/div>\n\t\t<\/div>\n\t\t\t\t\t\t<\/div>\n\t\t\t\t<\/div>\n\t\t\t\t\t<\/div>\n\t\t\t\t<\/div>\n\t\t<div class=\"elementor-element elementor-element-9f59493 e-flex e-con-boxed e-con e-parent\" data-id=\"9f59493\" data-element_type=\"container\" data-e-type=\"container\" data-settings=\"{&quot;background_background&quot;:&quot;gradient&quot;,&quot;shape_divider_top&quot;:&quot;arrow&quot;}\">\n\t\t\t\t\t<div class=\"e-con-inner\">\n\t\t\t\t<div class=\"elementor-shape elementor-shape-top\" aria-hidden=\"true\" data-negative=\"false\">\n\t\t\t<svg xmlns=\"http:\/\/www.w3.org\/2000\/svg\" viewBox=\"0 0 700 10\" preserveAspectRatio=\"none\">\n\t<path class=\"elementor-shape-fill\" d=\"M350,10L340,0h20L350,10z\"\/>\n<\/svg>\t\t<\/div>\n\t\t\t\t<div class=\"elementor-element elementor-element-a8f34f8 elementor-widget__width-initial elementor-grid-widescreen-3 elementor-posts--align-right elementor-grid-3 elementor-grid-tablet-2 elementor-grid-mobile-1 elementor-posts--thumbnail-top elementor-card-shadow-yes elementor-posts__hover-gradient elementor-widget elementor-widget-posts\" data-id=\"a8f34f8\" data-element_type=\"widget\" data-e-type=\"widget\" data-settings=\"{&quot;cards_columns_widescreen&quot;:&quot;3&quot;,&quot;cards_row_gap&quot;:{&quot;unit&quot;:&quot;px&quot;,&quot;size&quot;:72,&quot;sizes&quot;:[]},&quot;cards_columns&quot;:&quot;3&quot;,&quot;cards_columns_tablet&quot;:&quot;2&quot;,&quot;cards_columns_mobile&quot;:&quot;1&quot;,&quot;cards_row_gap_widescreen&quot;:{&quot;unit&quot;:&quot;px&quot;,&quot;size&quot;:&quot;&quot;,&quot;sizes&quot;:[]},&quot;cards_row_gap_tablet&quot;:{&quot;unit&quot;:&quot;px&quot;,&quot;size&quot;:&quot;&quot;,&quot;sizes&quot;:[]},&quot;cards_row_gap_mobile&quot;:{&quot;unit&quot;:&quot;px&quot;,&quot;size&quot;:&quot;&quot;,&quot;sizes&quot;:[]}}\" data-widget_type=\"posts.cards\">\n\t\t\t\t<div class=\"elementor-widget-container\">\n\t\t\t\t\t\t\t<div class=\"elementor-posts-container elementor-posts elementor-posts--skin-cards elementor-grid\">\n\t\t\t\t<article class=\"elementor-post elementor-grid-item post-6171 post type-post status-publish format-standard has-post-thumbnail hentry category-uncategorized\">\n\t\t\t<div class=\"elementor-post__card\">\n\t\t\t\t<a class=\"elementor-post__thumbnail__link\" href=\"https:\/\/wo.camimpeg.com.ve\/wp\/compromiso-con-el-ecosistema-comite-de-ambiente-realiza-jornada-de-saneamiento-en-costas-de-la-guaira\/\" tabindex=\"-1\" ><div class=\"elementor-post__thumbnail\"><img fetchpriority=\"high\" decoding=\"async\" width=\"300\" height=\"169\" src=\"https:\/\/wo.camimpeg.com.ve\/wp\/wp-content\/uploads\/2026\/02\/20260226_100925-300x169.jpg\" class=\"attachment-medium size-medium wp-image-6176\" alt=\"\" srcset=\"https:\/\/wo.camimpeg.com.ve\/wp\/wp-content\/uploads\/2026\/02\/20260226_100925-300x169.jpg 300w, https:\/\/wo.camimpeg.com.ve\/wp\/wp-content\/uploads\/2026\/02\/20260226_100925-1024x577.jpg 1024w, https:\/\/wo.camimpeg.com.ve\/wp\/wp-content\/uploads\/2026\/02\/20260226_100925-768x432.jpg 768w, https:\/\/wo.camimpeg.com.ve\/wp\/wp-content\/uploads\/2026\/02\/20260226_100925-1536x865.jpg 1536w, https:\/\/wo.camimpeg.com.ve\/wp\/wp-content\/uploads\/2026\/02\/20260226_100925-2048x1153.jpg 2048w\" sizes=\"(max-width: 300px) 100vw, 300px\" \/><\/div><\/a>\n\t\t\t\t<div class=\"elementor-post__text\">\n\t\t\t\t<h3 class=\"elementor-post__title\">\n\t\t\t<a href=\"https:\/\/wo.camimpeg.com.ve\/wp\/compromiso-con-el-ecosistema-comite-de-ambiente-realiza-jornada-de-saneamiento-en-costas-de-la-guaira\/\" >\n\t\t\t\tCompromiso con el Ecosistema: Comit\u00e9 de Ambiente realiza jornada de saneamiento en costas de La Guaira\t\t\t<\/a>\n\t\t<\/h3>\n\t\t\t\t<div class=\"elementor-post__excerpt\">\n\t\t\t<p>CAMIMPEG, a trav\u00e9s de su Comit\u00e9 de Ambiente, ejecut\u00f3 una robusta jornada de saneamiento y recolecci\u00f3n de desechos s\u00f3lidos en<\/p>\n\t\t<\/div>\n\t\t\n\t\t<a class=\"elementor-post__read-more\" href=\"https:\/\/wo.camimpeg.com.ve\/wp\/compromiso-con-el-ecosistema-comite-de-ambiente-realiza-jornada-de-saneamiento-en-costas-de-la-guaira\/\" aria-label=\"Read more about Compromiso con el Ecosistema: Comit\u00e9 de Ambiente realiza jornada de saneamiento en costas de La Guaira\" tabindex=\"-1\" >\n\t\t\tLeer M\u00e1s\t\t<\/a>\n\n\t\t\t\t<\/div>\n\t\t\t\t<div class=\"elementor-post__meta-data\">\n\t\t\t\t\t<span class=\"elementor-post-date\">\n\t\t\t27\/02\/2026\t\t<\/span>\n\t\t\t\t<span class=\"elementor-post-avatar\">\n\t\t\tNo hay comentarios\t\t<\/span>\n\t\t\t\t<\/div>\n\t\t\t\t\t<\/div>\n\t\t<\/article>\n\t\t\t\t<article class=\"elementor-post elementor-grid-item post-6167 post type-post status-publish format-standard has-post-thumbnail hentry category-uncategorized\">\n\t\t\t<div class=\"elementor-post__card\">\n\t\t\t\t<a class=\"elementor-post__thumbnail__link\" href=\"https:\/\/wo.camimpeg.com.ve\/wp\/presidenta-e-delcy-rodriguez-se-reune-en-caracas-con-altos-representantes-de-la-camara-africana-de-energia\/\" tabindex=\"-1\" ><div class=\"elementor-post__thumbnail\"><img decoding=\"async\" width=\"300\" height=\"200\" src=\"https:\/\/wo.camimpeg.com.ve\/wp\/wp-content\/uploads\/2026\/02\/camara-africana-300x200.jpg\" class=\"attachment-medium size-medium wp-image-6169\" alt=\"\" srcset=\"https:\/\/wo.camimpeg.com.ve\/wp\/wp-content\/uploads\/2026\/02\/camara-africana-300x200.jpg 300w, https:\/\/wo.camimpeg.com.ve\/wp\/wp-content\/uploads\/2026\/02\/camara-africana-768x512.jpg 768w, https:\/\/wo.camimpeg.com.ve\/wp\/wp-content\/uploads\/2026\/02\/camara-africana.jpg 900w\" sizes=\"(max-width: 300px) 100vw, 300px\" \/><\/div><\/a>\n\t\t\t\t<div class=\"elementor-post__text\">\n\t\t\t\t<h3 class=\"elementor-post__title\">\n\t\t\t<a href=\"https:\/\/wo.camimpeg.com.ve\/wp\/presidenta-e-delcy-rodriguez-se-reune-en-caracas-con-altos-representantes-de-la-camara-africana-de-energia\/\" >\n\t\t\t\tPresidenta (E) Delcy Rodr\u00edguez se re\u00fane en Caracas con altos representantes de la C\u00e1mara Africana de Energ\u00eda\t\t\t<\/a>\n\t\t<\/h3>\n\t\t\t\t<div class=\"elementor-post__excerpt\">\n\t\t\t<p>Caracas, 25 de febrero de 2026.\u2013 Este mi\u00e9rcoles, la presidenta Encargada de la Rep\u00fablica Bolivariana de Venezuela, Delcy Rodr\u00edguez, sostiene<\/p>\n\t\t<\/div>\n\t\t\n\t\t<a class=\"elementor-post__read-more\" href=\"https:\/\/wo.camimpeg.com.ve\/wp\/presidenta-e-delcy-rodriguez-se-reune-en-caracas-con-altos-representantes-de-la-camara-africana-de-energia\/\" aria-label=\"Read more about Presidenta (E) Delcy Rodr\u00edguez se re\u00fane en Caracas con altos representantes de la C\u00e1mara Africana de Energ\u00eda\" tabindex=\"-1\" >\n\t\t\tLeer M\u00e1s\t\t<\/a>\n\n\t\t\t\t<\/div>\n\t\t\t\t<div class=\"elementor-post__meta-data\">\n\t\t\t\t\t<span class=\"elementor-post-date\">\n\t\t\t27\/02\/2026\t\t<\/span>\n\t\t\t\t<span class=\"elementor-post-avatar\">\n\t\t\tNo hay comentarios\t\t<\/span>\n\t\t\t\t<\/div>\n\t\t\t\t\t<\/div>\n\t\t<\/article>\n\t\t\t\t<article class=\"elementor-post elementor-grid-item post-6160 post type-post status-publish format-standard has-post-thumbnail hentry category-uncategorized\">\n\t\t\t<div class=\"elementor-post__card\">\n\t\t\t\t<a class=\"elementor-post__thumbnail__link\" href=\"https:\/\/wo.camimpeg.com.ve\/wp\/presidenta-e-delcy-rodriguez-se-reunio-con-representantes-de-la-empresa-shell-en-el-palacio-de-miraflores\/\" tabindex=\"-1\" ><div class=\"elementor-post__thumbnail\"><img decoding=\"async\" width=\"300\" height=\"200\" src=\"https:\/\/wo.camimpeg.com.ve\/wp\/wp-content\/uploads\/2026\/02\/reunion-empresa-Shell-2-300x200.jpg\" class=\"attachment-medium size-medium wp-image-6163\" alt=\"\" srcset=\"https:\/\/wo.camimpeg.com.ve\/wp\/wp-content\/uploads\/2026\/02\/reunion-empresa-Shell-2-300x200.jpg 300w, https:\/\/wo.camimpeg.com.ve\/wp\/wp-content\/uploads\/2026\/02\/reunion-empresa-Shell-2-768x512.jpg 768w, https:\/\/wo.camimpeg.com.ve\/wp\/wp-content\/uploads\/2026\/02\/reunion-empresa-Shell-2.jpg 990w\" sizes=\"(max-width: 300px) 100vw, 300px\" \/><\/div><\/a>\n\t\t\t\t<div class=\"elementor-post__text\">\n\t\t\t\t<h3 class=\"elementor-post__title\">\n\t\t\t<a href=\"https:\/\/wo.camimpeg.com.ve\/wp\/presidenta-e-delcy-rodriguez-se-reunio-con-representantes-de-la-empresa-shell-en-el-palacio-de-miraflores\/\" >\n\t\t\t\tPresidenta (E) Delcy Rodr\u00edguez se reuni\u00f3 con representantes de la empresa Shell en el Palacio de Miraflores\t\t\t<\/a>\n\t\t<\/h3>\n\t\t\t\t<div class=\"elementor-post__excerpt\">\n\t\t\t<p>Caracas, 26 de febrero de 2026.- Como parte de una pol\u00edtica soberana de relaciones respetuosas y de cooperaci\u00f3n estrat\u00e9gica, la<\/p>\n\t\t<\/div>\n\t\t\n\t\t<a class=\"elementor-post__read-more\" href=\"https:\/\/wo.camimpeg.com.ve\/wp\/presidenta-e-delcy-rodriguez-se-reunio-con-representantes-de-la-empresa-shell-en-el-palacio-de-miraflores\/\" aria-label=\"Read more about Presidenta (E) Delcy Rodr\u00edguez se reuni\u00f3 con representantes de la empresa Shell en el Palacio de Miraflores\" tabindex=\"-1\" >\n\t\t\tLeer M\u00e1s\t\t<\/a>\n\n\t\t\t\t<\/div>\n\t\t\t\t<div class=\"elementor-post__meta-data\">\n\t\t\t\t\t<span class=\"elementor-post-date\">\n\t\t\t27\/02\/2026\t\t<\/span>\n\t\t\t\t<span class=\"elementor-post-avatar\">\n\t\t\tNo hay comentarios\t\t<\/span>\n\t\t\t\t<\/div>\n\t\t\t\t\t<\/div>\n\t\t<\/article>\n\t\t\t\t<article class=\"elementor-post elementor-grid-item post-6133 post type-post status-publish format-standard has-post-thumbnail hentry category-noticias\">\n\t\t\t<div class=\"elementor-post__card\">\n\t\t\t\t<a class=\"elementor-post__thumbnail__link\" href=\"https:\/\/wo.camimpeg.com.ve\/wp\/presidenta-encargada-estima-aumento-del-30-en-produccion-de-oro-durante-el-2026\/\" tabindex=\"-1\" ><div class=\"elementor-post__thumbnail\"><img loading=\"lazy\" decoding=\"async\" width=\"300\" height=\"161\" src=\"https:\/\/wo.camimpeg.com.ve\/wp\/wp-content\/uploads\/2026\/01\/ORO-300x161.jpg\" class=\"attachment-medium size-medium wp-image-6137\" alt=\"\" srcset=\"https:\/\/wo.camimpeg.com.ve\/wp\/wp-content\/uploads\/2026\/01\/ORO-300x161.jpg 300w, https:\/\/wo.camimpeg.com.ve\/wp\/wp-content\/uploads\/2026\/01\/ORO-768x412.jpg 768w, https:\/\/wo.camimpeg.com.ve\/wp\/wp-content\/uploads\/2026\/01\/ORO.jpg 987w\" sizes=\"(max-width: 300px) 100vw, 300px\" \/><\/div><\/a>\n\t\t\t\t<div class=\"elementor-post__text\">\n\t\t\t\t<h3 class=\"elementor-post__title\">\n\t\t\t<a href=\"https:\/\/wo.camimpeg.com.ve\/wp\/presidenta-encargada-estima-aumento-del-30-en-produccion-de-oro-durante-el-2026\/\" >\n\t\t\t\tPresidenta Encargada Estima Aumento del 30% en Producci\u00f3n de Oro Durante el 2026\t\t\t<\/a>\n\t\t<\/h3>\n\t\t\t\t<div class=\"elementor-post__excerpt\">\n\t\t\t<p>Caracas, 19 Ene. AVN.- La presidenta encargada de la Rep\u00fablica Bolivariana de Venezuela, Delcy Rodriguez, anunci\u00f3 este lunes proyecciones de<\/p>\n\t\t<\/div>\n\t\t\n\t\t<a class=\"elementor-post__read-more\" href=\"https:\/\/wo.camimpeg.com.ve\/wp\/presidenta-encargada-estima-aumento-del-30-en-produccion-de-oro-durante-el-2026\/\" aria-label=\"Read more about Presidenta Encargada Estima Aumento del 30% en Producci\u00f3n de Oro Durante el 2026\" tabindex=\"-1\" >\n\t\t\tLeer M\u00e1s\t\t<\/a>\n\n\t\t\t\t<\/div>\n\t\t\t\t<div class=\"elementor-post__meta-data\">\n\t\t\t\t\t<span class=\"elementor-post-date\">\n\t\t\t20\/01\/2026\t\t<\/span>\n\t\t\t\t<span class=\"elementor-post-avatar\">\n\t\t\tNo hay comentarios\t\t<\/span>\n\t\t\t\t<\/div>\n\t\t\t\t\t<\/div>\n\t\t<\/article>\n\t\t\t\t<article class=\"elementor-post elementor-grid-item post-6151 post type-post status-publish format-standard has-post-thumbnail hentry category-uncategorized\">\n\t\t\t<div class=\"elementor-post__card\">\n\t\t\t\t<a class=\"elementor-post__thumbnail__link\" href=\"https:\/\/wo.camimpeg.com.ve\/wp\/camimpeg-culmina-con-exito-auditoria-interna-ii-2025\/\" tabindex=\"-1\" ><div class=\"elementor-post__thumbnail\"><img loading=\"lazy\" decoding=\"async\" width=\"300\" height=\"205\" src=\"https:\/\/wo.camimpeg.com.ve\/wp\/wp-content\/uploads\/2026\/01\/WhatsApp-Image-2026-01-20-at-2.02.57-PM-300x205.jpeg\" class=\"attachment-medium size-medium wp-image-6156\" alt=\"\" srcset=\"https:\/\/wo.camimpeg.com.ve\/wp\/wp-content\/uploads\/2026\/01\/WhatsApp-Image-2026-01-20-at-2.02.57-PM-300x205.jpeg 300w, https:\/\/wo.camimpeg.com.ve\/wp\/wp-content\/uploads\/2026\/01\/WhatsApp-Image-2026-01-20-at-2.02.57-PM-768x524.jpeg 768w, https:\/\/wo.camimpeg.com.ve\/wp\/wp-content\/uploads\/2026\/01\/WhatsApp-Image-2026-01-20-at-2.02.57-PM.jpeg 918w\" sizes=\"(max-width: 300px) 100vw, 300px\" \/><\/div><\/a>\n\t\t\t\t<div class=\"elementor-post__text\">\n\t\t\t\t<h3 class=\"elementor-post__title\">\n\t\t\t<a href=\"https:\/\/wo.camimpeg.com.ve\/wp\/camimpeg-culmina-con-exito-auditoria-interna-ii-2025\/\" >\n\t\t\t\tCAMIMPEG Culmina con \u00c9xito Auditor\u00eda Interna II-2025\t\t\t<\/a>\n\t\t<\/h3>\n\t\t\t\t<div class=\"elementor-post__excerpt\">\n\t\t\t<p>En un paso firme hacia la excelencia operativa y la transparencia institucional, este viernes se llev\u00f3 a cabo la Reuni\u00f3n<\/p>\n\t\t<\/div>\n\t\t\n\t\t<a class=\"elementor-post__read-more\" href=\"https:\/\/wo.camimpeg.com.ve\/wp\/camimpeg-culmina-con-exito-auditoria-interna-ii-2025\/\" aria-label=\"Read more about CAMIMPEG Culmina con \u00c9xito Auditor\u00eda Interna II-2025\" tabindex=\"-1\" >\n\t\t\tLeer M\u00e1s\t\t<\/a>\n\n\t\t\t\t<\/div>\n\t\t\t\t<div class=\"elementor-post__meta-data\">\n\t\t\t\t\t<span class=\"elementor-post-date\">\n\t\t\t16\/01\/2026\t\t<\/span>\n\t\t\t\t<span class=\"elementor-post-avatar\">\n\t\t\tNo hay comentarios\t\t<\/span>\n\t\t\t\t<\/div>\n\t\t\t\t\t<\/div>\n\t\t<\/article>\n\t\t\t\t<article class=\"elementor-post elementor-grid-item post-6145 post type-post status-publish format-standard has-post-thumbnail hentry category-uncategorized\">\n\t\t\t<div class=\"elementor-post__card\">\n\t\t\t\t<a class=\"elementor-post__thumbnail__link\" href=\"https:\/\/wo.camimpeg.com.ve\/wp\/venezuela-impulsa-su-sector-energetico-con-la-primera-exportacion-de-gas-y-una-reforma-parcial-a-la-ley-de-hidrocarburos\/\" tabindex=\"-1\" ><div class=\"elementor-post__thumbnail\"><img loading=\"lazy\" decoding=\"async\" width=\"300\" height=\"169\" src=\"https:\/\/wo.camimpeg.com.ve\/wp\/wp-content\/uploads\/2026\/01\/consejo-nacional-de-economia-cortesia-54878-1-300x169.jpg\" class=\"attachment-medium size-medium wp-image-6149\" alt=\"\" srcset=\"https:\/\/wo.camimpeg.com.ve\/wp\/wp-content\/uploads\/2026\/01\/consejo-nacional-de-economia-cortesia-54878-1-300x169.jpg 300w, https:\/\/wo.camimpeg.com.ve\/wp\/wp-content\/uploads\/2026\/01\/consejo-nacional-de-economia-cortesia-54878-1-1024x576.jpg 1024w, https:\/\/wo.camimpeg.com.ve\/wp\/wp-content\/uploads\/2026\/01\/consejo-nacional-de-economia-cortesia-54878-1-768x432.jpg 768w, https:\/\/wo.camimpeg.com.ve\/wp\/wp-content\/uploads\/2026\/01\/consejo-nacional-de-economia-cortesia-54878-1-1536x864.jpg 1536w, https:\/\/wo.camimpeg.com.ve\/wp\/wp-content\/uploads\/2026\/01\/consejo-nacional-de-economia-cortesia-54878-1.jpg 1920w\" sizes=\"(max-width: 300px) 100vw, 300px\" \/><\/div><\/a>\n\t\t\t\t<div class=\"elementor-post__text\">\n\t\t\t\t<h3 class=\"elementor-post__title\">\n\t\t\t<a href=\"https:\/\/wo.camimpeg.com.ve\/wp\/venezuela-impulsa-su-sector-energetico-con-la-primera-exportacion-de-gas-y-una-reforma-parcial-a-la-ley-de-hidrocarburos\/\" >\n\t\t\t\tVenezuela Impulsa su Sector Energ\u00e9tico con la Primera Exportaci\u00f3n de Gas y una Reforma Parcial a la Ley de Hidrocarburos\t\t\t<\/a>\n\t\t<\/h3>\n\t\t\t\t<div class=\"elementor-post__excerpt\">\n\t\t\t<p>Caracas, 16 de enero de 2026. En una sesi\u00f3n del Consejo Nacional de Economia Productiva, la presidenta encargada, Delcy Rodriguez,<\/p>\n\t\t<\/div>\n\t\t\n\t\t<a class=\"elementor-post__read-more\" href=\"https:\/\/wo.camimpeg.com.ve\/wp\/venezuela-impulsa-su-sector-energetico-con-la-primera-exportacion-de-gas-y-una-reforma-parcial-a-la-ley-de-hidrocarburos\/\" aria-label=\"Read more about Venezuela Impulsa su Sector Energ\u00e9tico con la Primera Exportaci\u00f3n de Gas y una Reforma Parcial a la Ley de Hidrocarburos\" tabindex=\"-1\" >\n\t\t\tLeer M\u00e1s\t\t<\/a>\n\n\t\t\t\t<\/div>\n\t\t\t\t<div class=\"elementor-post__meta-data\">\n\t\t\t\t\t<span class=\"elementor-post-date\">\n\t\t\t16\/01\/2026\t\t<\/span>\n\t\t\t\t<span class=\"elementor-post-avatar\">\n\t\t\tNo hay comentarios\t\t<\/span>\n\t\t\t\t<\/div>\n\t\t\t\t\t<\/div>\n\t\t<\/article>\n\t\t\t\t<\/div>\n\t\t\n\t\t\t\t\t\t<\/div>\n\t\t\t\t<\/div>\n\t\t\t\t\t<\/div>\n\t\t\t\t<\/div>\n\t\t<div class=\"elementor-element elementor-element-18b3ea8 e-flex e-con-boxed e-con e-parent\" data-id=\"18b3ea8\" data-element_type=\"container\" data-e-type=\"container\">\n\t\t\t\t\t<div class=\"e-con-inner\">\n\t\t\t\t<div class=\"elementor-element elementor-element-8933558 elementor-widget elementor-widget-spacer\" data-id=\"8933558\" data-element_type=\"widget\" data-e-type=\"widget\" data-widget_type=\"spacer.default\">\n\t\t\t\t<div class=\"elementor-widget-container\">\n\t\t\t\t\t\t\t<div class=\"elementor-spacer\">\n\t\t\t<div class=\"elementor-spacer-inner\"><\/div>\n\t\t<\/div>\n\t\t\t\t\t\t<\/div>\n\t\t\t\t<\/div>\n\t\t\t\t\t<\/div>\n\t\t\t\t<\/div>\n\t\t\t\t<\/div>\n\t\t","protected":false},"excerpt":{"rendered":"","protected":false},"author":1,"featured_media":0,"parent":0,"menu_order":0,"comment_status":"closed","ping_status":"closed","template":"","meta":{"inline_featured_image":false,"site-sidebar-layout":"default","site-content-layout":"","ast-site-content-layout":"","site-content-style":"default","site-sidebar-style":"default","ast-global-header-display":"","ast-banner-title-visibility":"","ast-main-header-display":"","ast-hfb-above-header-display":"","ast-hfb-below-header-display":"","ast-hfb-mobile-header-display":"","site-post-title":"disabled","ast-breadcrumbs-content":"","ast-featured-img":"","footer-sml-layout":"","theme-transparent-header-meta":"","adv-header-id-meta":"","stick-header-meta":"","header-above-stick-meta":"","header-main-stick-meta":"","header-below-stick-meta":"","astra-migrate-meta-layouts":"default","ast-page-background-enabled":"default","ast-page-background-meta":{"desktop":{"background-color":"var(--ast-global-color-4)","background-image":"","background-repeat":"repeat","background-position":"center center","background-size":"auto","background-attachment":"scroll","background-type":"","background-media":"","overlay-type":"","overlay-color":"","overlay-opacity":"","overlay-gradient":""},"tablet":{"background-color":"","background-image":"","background-repeat":"repeat","background-position":"center center","background-size":"auto","background-attachment":"scroll","background-type":"","background-media":"","overlay-type":"","overlay-color":"","overlay-opacity":"","overlay-gradient":""},"mobile":{"background-color":"","background-image":"","background-repeat":"repeat","background-position":"center center","background-size":"auto","background-attachment":"scroll","background-type":"","background-media":"","overlay-type":"","overlay-color":"","overlay-opacity":"","overlay-gradient":""}},"ast-content-background-meta":{"desktop":{"background-color":"var(--ast-global-color-5)","background-image":"","background-repeat":"repeat","background-position":"center center","background-size":"auto","background-attachment":"scroll","background-type":"","background-media":"","overlay-type":"","overlay-color":"","overlay-opacity":"","overlay-gradient":""},"tablet":{"background-color":"var(--ast-global-color-5)","background-image":"","background-repeat":"repeat","background-position":"center center","background-size":"auto","background-attachment":"scroll","background-type":"","background-media":"","overlay-type":"","overlay-color":"","overlay-opacity":"","overlay-gradient":""},"mobile":{"background-color":"var(--ast-global-color-5)","background-image":"","background-repeat":"repeat","background-position":"center center","background-size":"auto","background-attachment":"scroll","background-type":"","background-media":"","overlay-type":"","overlay-color":"","overlay-opacity":"","overlay-gradient":""}},"footnotes":""},"class_list":["post-769","page","type-page","status-publish","hentry"],"_links":{"self":[{"href":"https:\/\/wo.camimpeg.com.ve\/wp\/wp-json\/wp\/v2\/pages\/769","targetHints":{"allow":["GET"]}}],"collection":[{"href":"https:\/\/wo.camimpeg.com.ve\/wp\/wp-json\/wp\/v2\/pages"}],"about":[{"href":"https:\/\/wo.camimpeg.com.ve\/wp\/wp-json\/wp\/v2\/types\/page"}],"author":[{"embeddable":true,"href":"https:\/\/wo.camimpeg.com.ve\/wp\/wp-json\/wp\/v2\/users\/1"}],"replies":[{"embeddable":true,"href":"https:\/\/wo.camimpeg.com.ve\/wp\/wp-json\/wp\/v2\/comments?post=769"}],"version-history":[{"count":264,"href":"https:\/\/wo.camimpeg.com.ve\/wp\/wp-json\/wp\/v2\/pages\/769\/revisions"}],"predecessor-version":[{"id":6131,"href":"https:\/\/wo.camimpeg.com.ve\/wp\/wp-json\/wp\/v2\/pages\/769\/revisions\/6131"}],"wp:attachment":[{"href":"https:\/\/wo.camimpeg.com.ve\/wp\/wp-json\/wp\/v2\/media?parent=769"}],"curies":[{"name":"wp","href":"https:\/\/api.w.org\/{rel}","templated":true}]}}